{"id":13431,"date":"2022-11-08T17:52:11","date_gmt":"2022-11-08T14:52:11","guid":{"rendered":"https:\/\/global-success-consulting.com\/de\/?post_type=product&#038;p=13431"},"modified":"2024-10-10T18:29:26","modified_gmt":"2024-10-10T15:29:26","slug":"ifza-free-zone-1-visa-premium-package","status":"publish","type":"product","link":"https:\/\/global-success-consulting.com\/de\/product\/ifza-free-zone-1-visa-premium-package\/","title":{"rendered":"IFZA Free Zone 1 Visa &#8211; Premium Package"},"content":{"rendered":"","protected":false},"excerpt":{"rendered":"<div class=\"pricing-feature pricing-feature-a8f3663 item-included\">\n<div class=\"pricing-feature__inner\"><span class=\"pricing-feature__text\">Beratung zur Unternehmensgr\u00fcndung 60 min<\/span><\/div>\n<\/div>\n<div class=\"pricing-feature pricing-feature-f590a21 item-included\">\n<div class=\"pricing-feature__inner\"><span class=\"pricing-feature__text\">Beratung zur legalen Steuergestaltung 120 min<\/span><\/div>\n<\/div>\n<div class=\"pricing-feature pricing-feature-6c4831f item-included\">\n<div class=\"pricing-feature__inner\"><span class=\"pricing-feature__text\">Unternehmensgr\u00fcndung mit h\u00f6chster Priorit\u00e4t<\/span><\/div>\n<\/div>\n<div class=\"pricing-feature pricing-feature-3dbdbd2 item-included\">\n<div class=\"pricing-feature__inner\"><span class=\"pricing-feature__text\">VIP-Abholservice vom Flughafen<\/span><\/div>\n<\/div>\n<div class=\"pricing-feature pricing-feature-e327cf7 item-included\">\n<div class=\"pricing-feature__inner\"><span class=\"pricing-feature__text\">Fahrer f\u00fcr den medizinischen und biometrischen Service<\/span><\/div>\n<\/div>\n<div class=\"pricing-feature pricing-feature-a84175e item-included\">\n<div class=\"pricing-feature__inner\"><span class=\"pricing-feature__text\">Emirates ID Application VIP (lowest waiting time)<\/span><\/div>\n<\/div>\n<div class=\"pricing-feature pricing-feature-baa8b35 item-included\">\n<div class=\"pricing-feature__inner\"><span class=\"pricing-feature__text\">Medizinische Untersuchung VIP (Ergebnisse innerhalb von 4 Stunden am selben Tag)<\/span><\/div>\n<\/div>\n<div class=\"pricing-feature pricing-feature-36447a4 item-included\">\n<div class=\"pricing-feature__inner\"><span class=\"pricing-feature__text\">Biometrische Daten VIP (selber Tag nach den Ergebnissen des medizinischen Tests)<\/span><\/div>\n<\/div>\n<div class=\"pricing-feature pricing-feature-9a18c22 item-included\">\n<div class=\"pricing-feature__inner\"><span class=\"pricing-feature__text\">Visa 2 years, Emirates ID 2 years<\/span><\/div>\n<\/div>\n<div class=\"pricing-feature pricing-feature-40f055d item-included\">\n<div class=\"pricing-feature__inner\"><span class=\"pricing-feature__text\">VIP Erteilung des Visas innerhalb von 1-3 Arbeitstage<\/span><\/div>\n<\/div>\n<div class=\"pricing-feature pricing-feature-2bea258 item-included\">\n<div class=\"pricing-feature__inner\"><span class=\"pricing-feature__text\">5 Stunden Vor-Ort-Beratung mit einem unserer Betreuer in einem 1:1 Meeting oder Zoom Call. Hier gehen wir auf alle Fragen zur Unternehmensf\u00fchrung und Einwanderung ein und helfen unseren Kunden pers\u00f6nlich bei ihrem Neustart in den VAE.<\/span><\/div>\n<\/div>\n<div class=\"pricing-feature pricing-feature-28c2a95 item-included\">\n<div class=\"pricing-feature__inner\"><span class=\"pricing-feature__text\">Dokumentenservice VIP &#8211; alle Dokumente werden f\u00fcr den Kunden von A-B geliefert. Der Reisepass und die Original-Firmenunterlagen werden zum Hotel des Kunden in Dubai geliefert.<\/span><\/div>\n<\/div>\n<div class=\"pricing-feature pricing-feature-61c882c item-included\">\n<div class=\"pricing-feature__inner\"><span class=\"pricing-feature__text\">Die Bearbeitungszeit f\u00fcr das Visum betr\u00e4gt 3-5 Arbeitstage. (Je nach Nationalit\u00e4t kann es k\u00fcrzer dauern, oder l\u00e4nger f\u00fcr Nationalit\u00e4ten mit Restriktionen).<\/span><\/div>\n<\/div>\n","protected":false},"featured_media":12096,"comment_status":"open","ping_status":"closed","template":"","meta":{"_acf_changed":false,"site-sidebar-layout":"default","site-content-layout":"","ast-site-content-layout":"default","site-content-style":"default","site-sidebar-style":"default","ast-global-header-display":"","ast-banner-title-visibility":"","ast-main-header-display":"","ast-hfb-above-header-display":"","ast-hfb-below-header-display":"","ast-hfb-mobile-header-display":"","site-post-title":"","ast-breadcrumbs-content":"","ast-featured-img":"","footer-sml-layout":"","ast-disable-related-posts":"","theme-transparent-header-meta":"","adv-header-id-meta":"","stick-header-meta":"","header-above-stick-meta":"","header-main-stick-meta":"","header-below-stick-meta":"","astra-migrate-meta-layouts":"default","ast-page-background-enabled":"default","ast-page-background-meta":{"desktop":{"background-color":"var(--ast-global-color-4)","background-image":"","background-repeat":"repeat","background-position":"center center","background-size":"auto","background-attachment":"scroll","background-type":"","background-media":"","overlay-type":"","overlay-color":"","overlay-opacity":"","overlay-gradient":""},"tablet":{"background-color":"","background-image":"","background-repeat":"repeat","background-position":"center center","background-size":"auto","background-attachment":"scroll","background-type":"","background-media":"","overlay-type":"","overlay-color":"","overlay-opacity":"","overlay-gradient":""},"mobile":{"background-color":"","background-image":"","background-repeat":"repeat","background-position":"center center","background-size":"auto","background-attachment":"scroll","background-type":"","background-media":"","overlay-type":"","overlay-color":"","overlay-opacity":"","overlay-gradient":""}},"ast-content-background-meta":{"desktop":{"background-color":"var(--ast-global-color-5)","background-image":"","background-repeat":"repeat","background-position":"center center","background-size":"auto","background-attachment":"scroll","background-type":"","background-media":"","overlay-type":"","overlay-color":"","overlay-opacity":"","overlay-gradient":""},"tablet":{"background-color":"var(--ast-global-color-5)","background-image":"","background-repeat":"repeat","background-position":"center center","background-size":"auto","background-attachment":"scroll","background-type":"","background-media":"","overlay-type":"","overlay-color":"","overlay-opacity":"","overlay-gradient":""},"mobile":{"background-color":"var(--ast-global-color-5)","background-image":"","background-repeat":"repeat","background-position":"center center","background-size":"auto","background-attachment":"scroll","background-type":"","background-media":"","overlay-type":"","overlay-color":"","overlay-opacity":"","overlay-gradient":""}},"_wp_rev_ctl_limit":""},"product_brand":[],"product_cat":[189],"product_tag":[191],"class_list":{"0":"post-13431","1":"product","2":"type-product","3":"status-publish","4":"has-post-thumbnail","6":"product_cat-premium-package","7":"product_tag-1-visa","8":"desktop-align-left","9":"tablet-align-left","10":"mobile-align-left","12":"first","13":"instock","14":"virtual","15":"purchasable","16":"product-type-simple"},"acf":[],"_links":{"self":[{"href":"https:\/\/global-success-consulting.com\/de\/wp-json\/wp\/v2\/product\/13431","targetHints":{"allow":["GET"]}}],"collection":[{"href":"https:\/\/global-success-consulting.com\/de\/wp-json\/wp\/v2\/product"}],"about":[{"href":"https:\/\/global-success-consulting.com\/de\/wp-json\/wp\/v2\/types\/product"}],"replies":[{"embeddable":true,"href":"https:\/\/global-success-consulting.com\/de\/wp-json\/wp\/v2\/comments?post=13431"}],"version-history":[{"count":0,"href":"https:\/\/global-success-consulting.com\/de\/wp-json\/wp\/v2\/product\/13431\/revisions"}],"wp:featuredmedia":[{"embeddable":true,"href":"https:\/\/global-success-consulting.com\/de\/wp-json\/wp\/v2\/media\/12096"}],"wp:attachment":[{"href":"https:\/\/global-success-consulting.com\/de\/wp-json\/wp\/v2\/media?parent=13431"}],"wp:term":[{"taxonomy":"product_brand","embeddable":true,"href":"https:\/\/global-success-consulting.com\/de\/wp-json\/wp\/v2\/product_brand?post=13431"},{"taxonomy":"product_cat","embeddable":true,"href":"https:\/\/global-success-consulting.com\/de\/wp-json\/wp\/v2\/product_cat?post=13431"},{"taxonomy":"product_tag","embeddable":true,"href":"https:\/\/global-success-consulting.com\/de\/wp-json\/wp\/v2\/product_tag?post=13431"}],"curies":[{"name":"wp","href":"https:\/\/api.w.org\/{rel}","templated":true}]}}