{"id":5452,"date":"2021-10-18T15:34:48","date_gmt":"2021-10-18T12:34:48","guid":{"rendered":"https:\/\/halstein.qodeinteractive.com\/?page_id=5452"},"modified":"2023-12-05T23:01:34","modified_gmt":"2023-12-05T20:01:34","slug":"kontakt","status":"publish","type":"page","link":"https:\/\/global-success-consulting.com\/de\/kontakt\/","title":{"rendered":"Contact Us"},"content":{"rendered":"\t\t<div data-elementor-type=\"wp-page\" data-elementor-id=\"5452\" class=\"elementor elementor-5452\" data-elementor-settings=\"{&quot;element_pack_global_tooltip_width&quot;:{&quot;unit&quot;:&quot;px&quot;,&quot;size&quot;:&quot;&quot;,&quot;sizes&quot;:[]},&quot;element_pack_global_tooltip_width_tablet&quot;:{&quot;unit&quot;:&quot;px&quot;,&quot;size&quot;:&quot;&quot;,&quot;sizes&quot;:[]},&quot;element_pack_global_tooltip_width_mobile&quot;:{&quot;unit&quot;:&quot;px&quot;,&quot;size&quot;:&quot;&quot;,&quot;sizes&quot;:[]},&quot;element_pack_global_tooltip_padding&quot;:{&quot;unit&quot;:&quot;px&quot;,&quot;top&quot;:&quot;&quot;,&quot;right&quot;:&quot;&quot;,&quot;bottom&quot;:&quot;&quot;,&quot;left&quot;:&quot;&quot;,&quot;isLinked&quot;:true},&quot;element_pack_global_tooltip_padding_tablet&quot;:{&quot;unit&quot;:&quot;px&quot;,&quot;top&quot;:&quot;&quot;,&quot;right&quot;:&quot;&quot;,&quot;bottom&quot;:&quot;&quot;,&quot;left&quot;:&quot;&quot;,&quot;isLinked&quot;:true},&quot;element_pack_global_tooltip_padding_mobile&quot;:{&quot;unit&quot;:&quot;px&quot;,&quot;top&quot;:&quot;&quot;,&quot;right&quot;:&quot;&quot;,&quot;bottom&quot;:&quot;&quot;,&quot;left&quot;:&quot;&quot;,&quot;isLinked&quot;:true},&quot;element_pack_global_tooltip_border_radius&quot;:{&quot;unit&quot;:&quot;px&quot;,&quot;top&quot;:&quot;&quot;,&quot;right&quot;:&quot;&quot;,&quot;bottom&quot;:&quot;&quot;,&quot;left&quot;:&quot;&quot;,&quot;isLinked&quot;:true},&quot;element_pack_global_tooltip_border_radius_tablet&quot;:{&quot;unit&quot;:&quot;px&quot;,&quot;top&quot;:&quot;&quot;,&quot;right&quot;:&quot;&quot;,&quot;bottom&quot;:&quot;&quot;,&quot;left&quot;:&quot;&quot;,&quot;isLinked&quot;:true},&quot;element_pack_global_tooltip_border_radius_mobile&quot;:{&quot;unit&quot;:&quot;px&quot;,&quot;top&quot;:&quot;&quot;,&quot;right&quot;:&quot;&quot;,&quot;bottom&quot;:&quot;&quot;,&quot;left&quot;:&quot;&quot;,&quot;isLinked&quot;:true}}\" data-elementor-post-type=\"page\">\n\t\t\t\t\t\t<section data-exad-particle-enable=\"false\" class=\"elementor-section elementor-top-section elementor-element elementor-element-93f4ab7 elementor-section-boxed elementor-section-height-default elementor-section-height-default exad-parallax-effect-no exad-background-color-change-no exad-glass-effect-no exad-sticky-section-no qodef-elementor-content-no\" data-id=\"93f4ab7\" data-element_type=\"section\" data-e-type=\"section\" data-settings=\"{&quot;background_background&quot;:&quot;classic&quot;,&quot;jet_parallax_layout_list&quot;:[]}\">\n\t\t\t\t\t\t<div class=\"elementor-container elementor-column-gap-default\">\n\t\t\t\t\t<div class=\"elementor-column elementor-col-100 elementor-top-column elementor-element elementor-element-d686ea7 exad-glass-effect-no exad-sticky-section-no\" data-id=\"d686ea7\" data-element_type=\"column\" data-e-type=\"column\">\n\t\t\t<div class=\"elementor-widget-wrap elementor-element-populated\">\n\t\t\t\t\t\t<section data-exad-particle-enable=\"false\" class=\"elementor-section elementor-inner-section elementor-element elementor-element-c04e490 elementor-section-boxed elementor-section-height-default elementor-section-height-default exad-parallax-effect-no exad-background-color-change-no exad-glass-effect-no exad-sticky-section-no qodef-elementor-content-no\" data-id=\"c04e490\" data-element_type=\"section\" data-e-type=\"section\" data-settings=\"{&quot;jet_parallax_layout_list&quot;:[]}\">\n\t\t\t\t\t\t<div class=\"elementor-container elementor-column-gap-default\">\n\t\t\t\t\t<div class=\"elementor-column elementor-col-50 elementor-inner-column elementor-element elementor-element-233f4a6 exad-glass-effect-no exad-sticky-section-no\" data-id=\"233f4a6\" data-element_type=\"column\" data-e-type=\"column\">\n\t\t\t<div class=\"elementor-widget-wrap elementor-element-populated\">\n\t\t\t\t\t\t<div class=\"elementor-element elementor-element-400bf02 animated-slow exad-sticky-section-no exad-glass-effect-no elementor-invisible elementor-widget elementor-widget-heading\" data-id=\"400bf02\" data-element_type=\"widget\" data-e-type=\"widget\" data-settings=\"{&quot;_animation&quot;:&quot;fadeInRight&quot;}\" data-widget_type=\"heading.default\">\n\t\t\t\t<div class=\"elementor-widget-container\">\n\t\t\t\t\t<h1 class=\"elementor-heading-title elementor-size-medium\">Verbinden Sie sich mit Global Success Consulting<\/h1>\t\t\t\t<\/div>\n\t\t\t\t<\/div>\n\t\t\t\t<div class=\"elementor-element elementor-element-747054d exad-sticky-section-no exad-glass-effect-no elementor-widget elementor-widget-text-editor\" data-id=\"747054d\" data-element_type=\"widget\" data-e-type=\"widget\" data-widget_type=\"text-editor.default\">\n\t\t\t\t<div class=\"elementor-widget-container\">\n\t\t\t\t\t\t\t\t\t<p>Willkommen in der Welt von <strong>Global Success Consulting<\/strong>, wo wir Ihre Visionen von gesch\u00e4ftlichem Erfolg und einem erf\u00fcllten Leben in Dubai und den VAE in greifbare Realit\u00e4t verwandeln. <br \/><br \/>Als Ihre Elite-Berater und vertrauensvollen Mentoren begleiten wir Sie auf jedem Schritt Ihres Weges \u2013 von der strategischen Unternehmensgr\u00fcndung bis hin zur Integration in das pulsierende Leben Dubais.<br \/><br \/>Unsere ma\u00dfgeschneiderten Dienstleistungen umfassen eine umfassende Palette an Beratungen, darunter Offshore- und Mainland-Firmengr\u00fcndungen, innovative Banking-L\u00f6sungen, lukrative Immobilieninvestitionen und zuverl\u00e4ssige Krankenversicherungsoptionen in Dubai.<\/p><p>Unsere Kunden sch\u00e4tzen uns als mehr als nur Berater; wir sind die Architekten ihres Erfolgs und Wohlstands in den VAE. Mit individuell zugeschnittenen L\u00f6sungen und tiefgreifenden Einblicken in das Gesch\u00e4fts- und Kulturleben Dubais, stehen wir Ihnen von der ersten Beratung bis zur erfolgreichen Umsetzung Ihrer ambitionierten Pl\u00e4ne zur Seite.<\/p><p>Wenn Sie den n\u00e4chsten Schritt in Richtung Ihrer unternehmerischen Tr\u00e4ume in Dubai machen m\u00f6chten oder Fragen zu diesem aufregenden Prozess haben, kontaktieren Sie uns bitte \u00fcber das unten stehende Formular. <br \/><br \/>Lassen Sie uns gemeinsam Ihre Ziele in den VAE erreichen und ein neues Kapitel voller Erfolg, Wohlstand und Lebensqualit\u00e4t aufschlagen. <br \/><br \/>Mit Global Success Consulting an Ihrer Seite sind Sie optimal aufgestellt, um Ihre gesch\u00e4ftlichen und pers\u00f6nlichen Ambitionen in Dubai zu realisieren und die vielf\u00e4ltigen Chancen dieser lebendigen Metropole voll auszusch\u00f6pfen.<\/p>\t\t\t\t\t\t\t\t<\/div>\n\t\t\t\t<\/div>\n\t\t\t\t\t<\/div>\n\t\t<\/div>\n\t\t\t\t<div class=\"elementor-column elementor-col-50 elementor-inner-column elementor-element elementor-element-112219e exad-glass-effect-no exad-sticky-section-no\" data-id=\"112219e\" data-element_type=\"column\" data-e-type=\"column\" data-settings=\"{&quot;background_background&quot;:&quot;classic&quot;}\">\n\t\t\t<div class=\"elementor-widget-wrap elementor-element-populated\">\n\t\t\t\t\t\t<div class=\"elementor-element elementor-element-9a4f032 exad-sticky-section-no exad-glass-effect-no elementor-widget elementor-widget-image\" data-id=\"9a4f032\" data-element_type=\"widget\" data-e-type=\"widget\" data-widget_type=\"image.default\">\n\t\t\t\t<div class=\"elementor-widget-container\">\n\t\t\t\t\t\t\t\t\t\t\t\t\t\t\t<img fetchpriority=\"high\" decoding=\"async\" width=\"1024\" height=\"683\" src=\"https:\/\/global-success-consulting.com\/de\/wp-content\/uploads\/2022\/08\/7xm.xyz676639-1024x683.jpg\" class=\"attachment-large size-large wp-image-12992\" alt=\"7xm.xyz676639\" srcset=\"https:\/\/global-success-consulting.com\/de\/wp-content\/uploads\/2022\/08\/7xm.xyz676639-1024x683.jpg 1024w, https:\/\/global-success-consulting.com\/de\/wp-content\/uploads\/2022\/08\/7xm.xyz676639-300x200.jpg 300w, https:\/\/global-success-consulting.com\/de\/wp-content\/uploads\/2022\/08\/7xm.xyz676639-768x512.jpg 768w, https:\/\/global-success-consulting.com\/de\/wp-content\/uploads\/2022\/08\/7xm.xyz676639-1536x1025.jpg 1536w, https:\/\/global-success-consulting.com\/de\/wp-content\/uploads\/2022\/08\/7xm.xyz676639-600x400.jpg 600w, https:\/\/global-success-consulting.com\/de\/wp-content\/uploads\/2022\/08\/7xm.xyz676639.jpg 2048w\" sizes=\"(max-width: 1024px) 100vw, 1024px\" \/>\t\t\t\t\t\t\t\t\t\t\t\t\t\t\t<\/div>\n\t\t\t\t<\/div>\n\t\t\t\t\t<\/div>\n\t\t<\/div>\n\t\t\t\t\t<\/div>\n\t\t<\/section>\n\t\t\t\t\t<\/div>\n\t\t<\/div>\n\t\t\t\t\t<\/div>\n\t\t<\/section>\n\t\t\t\t<section data-exad-particle-enable=\"false\" class=\"elementor-section elementor-top-section elementor-element elementor-element-c49bc63 elementor-section-boxed elementor-section-height-default elementor-section-height-default exad-parallax-effect-no exad-background-color-change-no exad-glass-effect-no exad-sticky-section-no qodef-elementor-content-no\" data-id=\"c49bc63\" data-element_type=\"section\" data-e-type=\"section\" data-settings=\"{&quot;jet_parallax_layout_list&quot;:[],&quot;background_background&quot;:&quot;classic&quot;}\">\n\t\t\t\t\t\t<div class=\"elementor-container elementor-column-gap-default\">\n\t\t\t\t\t<div class=\"elementor-column elementor-col-33 elementor-top-column elementor-element elementor-element-892ccca exad-glass-effect-no exad-sticky-section-no\" data-id=\"892ccca\" data-element_type=\"column\" data-e-type=\"column\">\n\t\t\t<div class=\"elementor-widget-wrap\">\n\t\t\t\t\t\t\t<\/div>\n\t\t<\/div>\n\t\t\t\t<div class=\"elementor-column elementor-col-33 elementor-top-column elementor-element elementor-element-0857f68 exad-glass-effect-no exad-sticky-section-no\" data-id=\"0857f68\" data-element_type=\"column\" data-e-type=\"column\">\n\t\t\t<div class=\"elementor-widget-wrap elementor-element-populated\">\n\t\t\t\t\t\t<div class=\"elementor-element elementor-element-0a15acc exad-sticky-section-no exad-glass-effect-no elementor-widget elementor-widget-html\" data-id=\"0a15acc\" data-element_type=\"widget\" data-e-type=\"widget\" data-widget_type=\"html.default\">\n\t\t\t\t<div class=\"elementor-widget-container\">\n\t\t\t\t\t<script>\r\nif (window.convertflow == undefined) {\r\n  var script = document.createElement('script'); \r\n  script.async = true;\r\n  script.src = \"https:\/\/js.convertflow.co\/production\/websites\/42032.js\"; \r\n  document.body.appendChild(script); \r\n};\r\n<\/script>\r\n<div class=\"cf-cta-snippet cta133918\" data-website-id=\"42032\" data-cta-id=\"133918\"><\/div>\t\t\t\t<\/div>\n\t\t\t\t<\/div>\n\t\t\t\t\t<\/div>\n\t\t<\/div>\n\t\t\t\t<div class=\"elementor-column elementor-col-33 elementor-top-column elementor-element elementor-element-4cdb049 exad-glass-effect-no exad-sticky-section-no\" data-id=\"4cdb049\" data-element_type=\"column\" data-e-type=\"column\">\n\t\t\t<div class=\"elementor-widget-wrap\">\n\t\t\t\t\t\t\t<\/div>\n\t\t<\/div>\n\t\t\t\t\t<\/div>\n\t\t<\/section>\n\t\t\t\t<\/div>\n\t\t","protected":false},"excerpt":{"rendered":"<p>Verbinden Sie sich mit Global Success Consulting Willkommen in der Welt von Global Success Consulting, wo wir Ihre Visionen von gesch\u00e4ftlichem Erfolg und einem erf\u00fcllten Leben in Dubai und den VAE in greifbare Realit\u00e4t verwandeln. Als Ihre Elite-Berater und vertrauensvollen Mentoren begleiten wir Sie auf jedem Schritt Ihres Weges \u2013 von der strategischen Unternehmensgr\u00fcndung bis [&hellip;]<\/p>\n","protected":false},"author":1,"featured_media":0,"parent":0,"menu_order":0,"comment_status":"closed","ping_status":"closed","template":"page-full-width.php","meta":{"_acf_changed":false,"site-sidebar-layout":"default","site-content-layout":"","ast-site-content-layout":"default","site-content-style":"default","site-sidebar-style":"default","ast-global-header-display":"","ast-banner-title-visibility":"","ast-main-header-display":"","ast-hfb-above-header-display":"","ast-hfb-below-header-display":"","ast-hfb-mobile-header-display":"","site-post-title":"","ast-breadcrumbs-content":"","ast-featured-img":"","footer-sml-layout":"","ast-disable-related-posts":"","theme-transparent-header-meta":"","adv-header-id-meta":"","stick-header-meta":"","header-above-stick-meta":"","header-main-stick-meta":"","header-below-stick-meta":"","astra-migrate-meta-layouts":"default","ast-page-background-enabled":"default","ast-page-background-meta":{"desktop":{"background-color":"var(--ast-global-color-4)","background-image":"","background-repeat":"repeat","background-position":"center center","background-size":"auto","background-attachment":"scroll","background-type":"","background-media":"","overlay-type":"","overlay-color":"","overlay-opacity":"","overlay-gradient":""},"tablet":{"background-color":"","background-image":"","background-repeat":"repeat","background-position":"center center","background-size":"auto","background-attachment":"scroll","background-type":"","background-media":"","overlay-type":"","overlay-color":"","overlay-opacity":"","overlay-gradient":""},"mobile":{"background-color":"","background-image":"","background-repeat":"repeat","background-position":"center center","background-size":"auto","background-attachment":"scroll","background-type":"","background-media":"","overlay-type":"","overlay-color":"","overlay-opacity":"","overlay-gradient":""}},"ast-content-background-meta":{"desktop":{"background-color":"var(--ast-global-color-5)","background-image":"","background-repeat":"repeat","background-position":"center center","background-size":"auto","background-attachment":"scroll","background-type":"","background-media":"","overlay-type":"","overlay-color":"","overlay-opacity":"","overlay-gradient":""},"tablet":{"background-color":"var(--ast-global-color-5)","background-image":"","background-repeat":"repeat","background-position":"center center","background-size":"auto","background-attachment":"scroll","background-type":"","background-media":"","overlay-type":"","overlay-color":"","overlay-opacity":"","overlay-gradient":""},"mobile":{"background-color":"var(--ast-global-color-5)","background-image":"","background-repeat":"repeat","background-position":"center center","background-size":"auto","background-attachment":"scroll","background-type":"","background-media":"","overlay-type":"","overlay-color":"","overlay-opacity":"","overlay-gradient":""}},"footnotes":"","_wp_rev_ctl_limit":"1"},"class_list":["post-5452","page","type-page","status-publish","hentry"],"acf":[],"_links":{"self":[{"href":"https:\/\/global-success-consulting.com\/de\/wp-json\/wp\/v2\/pages\/5452","targetHints":{"allow":["GET"]}}],"collection":[{"href":"https:\/\/global-success-consulting.com\/de\/wp-json\/wp\/v2\/pages"}],"about":[{"href":"https:\/\/global-success-consulting.com\/de\/wp-json\/wp\/v2\/types\/page"}],"author":[{"embeddable":true,"href":"https:\/\/global-success-consulting.com\/de\/wp-json\/wp\/v2\/users\/1"}],"replies":[{"embeddable":true,"href":"https:\/\/global-success-consulting.com\/de\/wp-json\/wp\/v2\/comments?post=5452"}],"version-history":[{"count":0,"href":"https:\/\/global-success-consulting.com\/de\/wp-json\/wp\/v2\/pages\/5452\/revisions"}],"wp:attachment":[{"href":"https:\/\/global-success-consulting.com\/de\/wp-json\/wp\/v2\/media?parent=5452"}],"curies":[{"name":"wp","href":"https:\/\/api.w.org\/{rel}","templated":true}]}}